{"id":16,"date":"2025-08-27T09:11:18","date_gmt":"2025-08-27T07:11:18","guid":{"rendered":"https:\/\/uwescholzdance.test\/?page_id=16"},"modified":"2026-01-19T16:24:31","modified_gmt":"2026-01-19T15:24:31","slug":"legal-notice","status":"publish","type":"page","link":"https:\/\/uwescholz.dance\/en\/impressum\/","title":{"rendered":"Imprint"},"content":{"rendered":"<p><strong>Name of the company<\/strong><br>Uwe Scholz Legacy, Owner Tatjana Thierbach<br>Sales tax no.<br>16\/558\/02000<br>&nbsp;<br><strong>Contact information<\/strong><br>mail@uwescholz.dance<br>Uwe Scholz Legacy c\/o Tatjana Thierbach, Okerstr. 11, 12049 Berlin<br>&nbsp;<br><strong>Photos&nbsp;<\/strong><br>Production of all dancer photos, including the photo of Roser Munoz at the Leipzig Ballet (2013\u20132025) &nbsp;<br>\u00a9 Ida Zenna - www.zenna.de \u00a9 Oper Leipzig\/ Leipziger Ballett - www.oper-leipzig.de<\/p>\n\n\n\n<p><strong>Dancers 2013\u20132025:<\/strong><br>Laura Costa Chaud; Fang Yi Liu; Urania Lobo Garcia; Diana van Godtsenhoven; Madoka Ishikawa; Yoojin Jang; Naiara de Matos; Polina Semionova; Vivian Wang;<br>Carl van Godtsenhoven; Yan Leiva; Oliver Preiss; Piran Scott; Marcos Vicinius da Silva; J\u00f6rg Simon; Lou Thabart; <br>the Leipzig Ballet<br>&nbsp;<br><strong>Photos with Uwe Scholz 1991-2004<\/strong><br>as well as the image Roser Munoz-Christoph B\u00f6hm <br>\u00a9 Andreas Birkigt \u00a9 Leipzig Opera\/Leipzig Ballet \u2013 www.oper-leipzig.de<br>Dancers, among others:<br>Lara Radda; Kiyoko Kimura; Joan Boix; J\u00f6rg Simon; the Leipzig Ballet<\/p>\n\n\n\n<p><strong>Photos with Tatjana Thierbach, the Dortmund Ballet<\/strong>, Bojana Nenadovi\u0107 and Cyril Pierre<br>\u00a9 Leszek Januszewski, \u00a9 Dortmund Ballet<\/p>\n\n\n\n<p><br><strong>Dancers in the videos:<\/strong><br>Bridget Breiner<br>Marcia Hayd\u00e9e<br>Birgit Keil<br>Julia Kr\u00e4mer<br>Marina Otto<br>Sophie-Anne S\u00e9ris<br>Sonja Santiago<br>Christoph B\u00f6hm<br>Ivan Cavallari<br>Vladimir Malakhov<br>Roland Vogel<br>and much more.<\/p>\n\n\n\n<p><\/p>","protected":false},"excerpt":{"rendered":"<p>Name des UnternehmensUwe Scholz Legacy, Inh. Tatjana ThierbachUmsatzsteuer-Nr.16\/558\/02000&nbsp;Kontaktinformationenmail@uwescholz.danceUwe Scholz Legacy c\/o Tatjana Thierbach, Okerstr. 11, 12049 Berlin&nbsp;Fotos&nbsp;Produktion aller T\u00e4nzer-Fotos einschlie\u00dflich des Fotos Roser Munoz beim Leipziger Ballett (2013 &#8211; 2025) &nbsp;\u00a9 Ida Zenna &#8211; www.zenna.de&nbsp; \u00a9 Oper Leipzig\/ Leipziger Ballett &#8211; www.oper-leipzig.de T\u00e4nzer*innen 2013- 2025:Laura Costa Chaud; Fang Yi Liu; Urania Lobo Garcia; Diana van [&hellip;]<\/p>\n","protected":false},"author":3,"featured_media":20,"parent":0,"menu_order":0,"comment_status":"closed","ping_status":"closed","template":"","meta":{"_acf_changed":false,"footnotes":""},"page-cat":[15],"class_list":["post-16","page","type-page","status-publish","has-post-thumbnail","hentry","page-cat-template"],"acf":[],"_links":{"self":[{"href":"https:\/\/uwescholz.dance\/en\/wp-json\/wp\/v2\/pages\/16","targetHints":{"allow":["GET"]}}],"collection":[{"href":"https:\/\/uwescholz.dance\/en\/wp-json\/wp\/v2\/pages"}],"about":[{"href":"https:\/\/uwescholz.dance\/en\/wp-json\/wp\/v2\/types\/page"}],"author":[{"embeddable":true,"href":"https:\/\/uwescholz.dance\/en\/wp-json\/wp\/v2\/users\/3"}],"replies":[{"embeddable":true,"href":"https:\/\/uwescholz.dance\/en\/wp-json\/wp\/v2\/comments?post=16"}],"version-history":[{"count":14,"href":"https:\/\/uwescholz.dance\/en\/wp-json\/wp\/v2\/pages\/16\/revisions"}],"predecessor-version":[{"id":1314,"href":"https:\/\/uwescholz.dance\/en\/wp-json\/wp\/v2\/pages\/16\/revisions\/1314"}],"wp:featuredmedia":[{"embeddable":true,"href":"https:\/\/uwescholz.dance\/en\/wp-json\/wp\/v2\/media\/20"}],"wp:attachment":[{"href":"https:\/\/uwescholz.dance\/en\/wp-json\/wp\/v2\/media?parent=16"}],"wp:term":[{"taxonomy":"page-cat","embeddable":true,"href":"https:\/\/uwescholz.dance\/en\/wp-json\/wp\/v2\/page-cat?post=16"}],"curies":[{"name":"wp","href":"https:\/\/api.w.org\/{rel}","templated":true}]}}